{"id":3211,"date":"2022-10-28T08:37:56","date_gmt":"2022-10-28T08:37:56","guid":{"rendered":"https:\/\/laexim.com\/?page_id=3211"},"modified":"2023-04-17T19:02:20","modified_gmt":"2023-04-17T19:02:20","slug":"ban-hang-va-marketing","status":"publish","type":"page","link":"http:\/\/laexim.com\/vi\/services\/ban-hang-va-marketing\/","title":{"rendered":"B\u00e1n h\u00e0ng v\u00e0 Marketing"},"content":{"rendered":"<p>LAEXIM cung c\u1ea5p nhi\u1ec1u lo\u1ea1i s\u1ea3n ph\u1ea9m, d\u1ecbch v\u1ee5 v\u00e0 gi\u1ea3i ph\u00e1p cho kh\u00e1ch h\u00e0ng.<\/p>\n<p>V\u1edbi \u0111\u1ed9i ng\u0169 b\u00e1n h\u00e0ng t\u00e0i n\u0103ng, t\u1eadn t\u00e2m c\u00f9ng v\u1edbi ki\u1ebfn th\u1ee9c, kinh nghi\u1ec7m s\u1eb5n c\u00f3, LAEXIM cung c\u1ea5p cho c\u00e1c nh\u00e0 s\u1ea3n xu\u1ea5t v\u00e0 ng\u01b0\u1eddi d\u00f9ng cu\u1ed1i t\u1ea5t c\u1ea3 c\u00e1c d\u1ecbch v\u1ee5 b\u00e1n h\u00e0ng v\u00e0 ti\u1ebfp th\u1ecb, th\u00f4ng tin th\u1ecb tr\u01b0\u1eddng, qu\u1ea3n l\u00fd r\u1ee7i ro v\u00e0 cung c\u1ea5p c\u00e1c t\u00e0i li\u1ec7u th\u01b0\u01a1ng m\u1ea1i \u2026 ch\u00ednh x\u00e1c, k\u1ecbp th\u1eddi. T\u1ea5t c\u1ea3 g\u00f3p ph\u1ea7n t\u1ea1o n\u00ean chu\u1ed7i cung \u1ee9ng ho\u00e0n h\u1ea3o c\u1ee7a ch\u00fang t\u00f4i.<\/p>\n<p><img loading=\"lazy\" decoding=\"async\" class=\"aligncenter wp-image-3633 size-full\" src=\"http:\/\/laexim.com\/wp-content\/uploads\/2022\/12\/service.jpg\" alt=\"\" width=\"768\" height=\"307\" srcset=\"http:\/\/laexim.com\/wp-content\/uploads\/2022\/12\/service.jpg 768w, http:\/\/laexim.com\/wp-content\/uploads\/2022\/12\/service-300x120.jpg 300w\" sizes=\"auto, (max-width: 768px) 100vw, 768px\" \/><\/p>\n<p>&nbsp;<\/p>\n<h3 style=\"text-align: center;\"><em><b>Ng\u00e0nh h\u00e0ng kinh doanh<\/b><\/em><\/h3>\n<p>&nbsp;<\/p>\n<div class=\"des_sale_vn\">\n<ul>\n<li>Nh\u1ef1a<\/li>\n<li>Cao su<\/li>\n<li>B\u00f4ng s\u1ee3i<\/li>\n<li>Bao b\u00ec<\/li>\n<li>Th\u1ee9c \u0103n ch\u0103n nu\u00f4i<\/li>\n<li>N\u00f4ng s\u1ea3n: g\u1ea1o, \u0111i\u1ec1u, s\u1eafn l\u00e1t, coffee\u2026<\/li>\n<li>G\u1ed7<\/li>\n<li>Gi\u1ea5y<\/li>\n<li>\u0110\u00e1 th\u00f4: granite, marble \u2026<\/li>\n<li>D\u01b0\u1ee3c<\/li>\n<li>M\u1ef9 ph\u1ea9m<\/li>\n<\/ul>\n<\/div>\n<div class=\"des_sale_vn\">\n<ul>\n<li>N\u1ed9i th\u1ea5t<\/li>\n<li>H\u00e0ng may m\u1eb7c<\/li>\n<li>R\u01b0\u1ee3u bia, \u0111\u1ed3 u\u1ed1ng c\u00f3 c\u1ed3n<\/li>\n<li>H\u00f3a ch\u1ea5t<\/li>\n<li>Ph\u00e2n b\u00f3n<\/li>\n<li>Th\u00e9p<\/li>\n<li>Th\u1ef1c ph\u1ea9m<\/li>\n<li>Th\u1ee7y s\u1ea3n<\/li>\n<li>V\u1eadt li\u1ec7u x\u00e2y d\u1ef1ng<br \/>\n&#8230;<\/li>\n<\/ul>\n<\/div>\n<div style=\"clear: both;\"><\/div>\n","protected":false},"excerpt":{"rendered":"<p>LAEXIM cung c\u1ea5p nhi\u1ec1u lo\u1ea1i s\u1ea3n ph\u1ea9m, d\u1ecbch v\u1ee5 v\u00e0 gi\u1ea3i ph\u00e1p cho kh\u00e1ch h\u00e0ng. V\u1edbi \u0111\u1ed9i ng\u0169 b\u00e1n h\u00e0ng t\u00e0i n\u0103ng, t\u1eadn t\u00e2m c\u00f9ng v\u1edbi ki\u1ebfn th\u1ee9c, kinh nghi\u1ec7m s\u1eb5n c\u00f3, LAEXIM cung c\u1ea5p cho c\u00e1c nh\u00e0 s\u1ea3n xu\u1ea5t v\u00e0 ng\u01b0\u1eddi d\u00f9ng cu\u1ed1i t\u1ea5t c\u1ea3 c\u00e1c d\u1ecbch v\u1ee5 b\u00e1n h\u00e0ng v\u00e0 ti\u1ebfp th\u1ecb, th\u00f4ng &#8230; <a title=\"B\u00e1n h\u00e0ng v\u00e0 Marketing\" class=\"read-more\" href=\"http:\/\/laexim.com\/vi\/services\/ban-hang-va-marketing\/\" aria-label=\"More on B\u00e1n h\u00e0ng v\u00e0 Marketing\">Read more<\/a><\/p>\n","protected":false},"author":1,"featured_media":0,"parent":3209,"menu_order":0,"comment_status":"closed","ping_status":"closed","template":"templates\/service_page.php","meta":{"footnotes":""},"class_list":["post-3211","page","type-page","status-publish"],"yoast_head":"<!-- This site is optimized with the Yoast SEO plugin v18.8 - https:\/\/yoast.com\/wordpress\/plugins\/seo\/ -->\n<title>B\u00e1n h\u00e0ng v\u00e0 Marketing - LAEXIM<\/title>\n<meta name=\"robots\" content=\"index, follow, max-snippet:-1, max-image-preview:large, max-video-preview:-1\" \/>\n<link rel=\"canonical\" href=\"http:\/\/laexim.com\/vi\/services\/sales-marketing\/\" \/>\n<meta property=\"og:locale\" content=\"vi_VN\" \/>\n<meta property=\"og:type\" content=\"article\" \/>\n<meta property=\"og:title\" content=\"B\u00e1n h\u00e0ng v\u00e0 Marketing - LAEXIM\" \/>\n<meta property=\"og:description\" content=\"LAEXIM cung c\u1ea5p nhi\u1ec1u lo\u1ea1i s\u1ea3n ph\u1ea9m, d\u1ecbch v\u1ee5 v\u00e0 gi\u1ea3i ph\u00e1p cho kh\u00e1ch h\u00e0ng. V\u1edbi \u0111\u1ed9i ng\u0169 b\u00e1n h\u00e0ng t\u00e0i n\u0103ng, t\u1eadn t\u00e2m c\u00f9ng v\u1edbi ki\u1ebfn th\u1ee9c, kinh nghi\u1ec7m s\u1eb5n c\u00f3, LAEXIM cung c\u1ea5p cho c\u00e1c nh\u00e0 s\u1ea3n xu\u1ea5t v\u00e0 ng\u01b0\u1eddi d\u00f9ng cu\u1ed1i t\u1ea5t c\u1ea3 c\u00e1c d\u1ecbch v\u1ee5 b\u00e1n h\u00e0ng v\u00e0 ti\u1ebfp th\u1ecb, th\u00f4ng ... Read more\" \/>\n<meta property=\"og:url\" content=\"http:\/\/laexim.com\/services\/sales-marketing\/\" \/>\n<meta property=\"og:site_name\" content=\"LAEXIM\" \/>\n<meta property=\"article:modified_time\" content=\"2023-04-17T19:02:20+00:00\" \/>\n<meta property=\"og:image\" content=\"http:\/\/laexim.com\/wp-content\/uploads\/2022\/12\/service.jpg\" \/>\n<meta name=\"twitter:card\" content=\"summary_large_image\" \/>\n<meta name=\"twitter:label1\" content=\"Est. reading time\" \/>\n\t<meta name=\"twitter:data1\" content=\"1 minute\" \/>\n<script type=\"application\/ld+json\" class=\"yoast-schema-graph\">{\"@context\":\"https:\/\/schema.org\",\"@graph\":[{\"@type\":\"WebSite\",\"@id\":\"https:\/\/laexim.com\/#website\",\"url\":\"https:\/\/laexim.com\/\",\"name\":\"LAEXIM\",\"description\":\"\",\"potentialAction\":[{\"@type\":\"SearchAction\",\"target\":{\"@type\":\"EntryPoint\",\"urlTemplate\":\"https:\/\/laexim.com\/?s={search_term_string}\"},\"query-input\":\"required name=search_term_string\"}],\"inLanguage\":\"vi-VN\"},{\"@type\":\"ImageObject\",\"inLanguage\":\"vi-VN\",\"@id\":\"http:\/\/laexim.com\/services\/sales-marketing\/#primaryimage\",\"url\":\"http:\/\/laexim.com\/wp-content\/uploads\/2022\/12\/service.jpg\",\"contentUrl\":\"http:\/\/laexim.com\/wp-content\/uploads\/2022\/12\/service.jpg\",\"width\":768,\"height\":307},{\"@type\":\"WebPage\",\"@id\":\"http:\/\/laexim.com\/services\/sales-marketing\/#webpage\",\"url\":\"http:\/\/laexim.com\/services\/sales-marketing\/\",\"name\":\"B\u00e1n h\u00e0ng v\u00e0 Marketing - LAEXIM\",\"isPartOf\":{\"@id\":\"https:\/\/laexim.com\/#website\"},\"primaryImageOfPage\":{\"@id\":\"http:\/\/laexim.com\/services\/sales-marketing\/#primaryimage\"},\"datePublished\":\"2022-10-28T08:37:56+00:00\",\"dateModified\":\"2023-04-17T19:02:20+00:00\",\"breadcrumb\":{\"@id\":\"http:\/\/laexim.com\/services\/sales-marketing\/#breadcrumb\"},\"inLanguage\":\"vi-VN\",\"potentialAction\":[{\"@type\":\"ReadAction\",\"target\":[\"http:\/\/laexim.com\/services\/sales-marketing\/\"]}]},{\"@type\":\"BreadcrumbList\",\"@id\":\"http:\/\/laexim.com\/services\/sales-marketing\/#breadcrumb\",\"itemListElement\":[{\"@type\":\"ListItem\",\"position\":1,\"name\":\"Home\",\"item\":\"http:\/\/laexim.com\/vi\/\"},{\"@type\":\"ListItem\",\"position\":2,\"name\":\"D\u1ecbch v\u1ee5\",\"item\":\"https:\/\/laexim.com\/vi\/services\/\"},{\"@type\":\"ListItem\",\"position\":3,\"name\":\"B\u00e1n h\u00e0ng v\u00e0 Marketing\"}]}]}<\/script>\n<!-- \/ Yoast SEO plugin. -->","yoast_head_json":{"title":"B\u00e1n h\u00e0ng v\u00e0 Marketing - LAEXIM","robots":{"index":"index","follow":"follow","max-snippet":"max-snippet:-1","max-image-preview":"max-image-preview:large","max-video-preview":"max-video-preview:-1"},"canonical":"http:\/\/laexim.com\/vi\/services\/sales-marketing\/","og_locale":"vi_VN","og_type":"article","og_title":"B\u00e1n h\u00e0ng v\u00e0 Marketing - LAEXIM","og_description":"LAEXIM cung c\u1ea5p nhi\u1ec1u lo\u1ea1i s\u1ea3n ph\u1ea9m, d\u1ecbch v\u1ee5 v\u00e0 gi\u1ea3i ph\u00e1p cho kh\u00e1ch h\u00e0ng. V\u1edbi \u0111\u1ed9i ng\u0169 b\u00e1n h\u00e0ng t\u00e0i n\u0103ng, t\u1eadn t\u00e2m c\u00f9ng v\u1edbi ki\u1ebfn th\u1ee9c, kinh nghi\u1ec7m s\u1eb5n c\u00f3, LAEXIM cung c\u1ea5p cho c\u00e1c nh\u00e0 s\u1ea3n xu\u1ea5t v\u00e0 ng\u01b0\u1eddi d\u00f9ng cu\u1ed1i t\u1ea5t c\u1ea3 c\u00e1c d\u1ecbch v\u1ee5 b\u00e1n h\u00e0ng v\u00e0 ti\u1ebfp th\u1ecb, th\u00f4ng ... Read more","og_url":"http:\/\/laexim.com\/services\/sales-marketing\/","og_site_name":"LAEXIM","article_modified_time":"2023-04-17T19:02:20+00:00","og_image":[{"url":"http:\/\/laexim.com\/wp-content\/uploads\/2022\/12\/service.jpg"}],"twitter_card":"summary_large_image","twitter_misc":{"Est. reading time":"1 minute"},"schema":{"@context":"https:\/\/schema.org","@graph":[{"@type":"WebSite","@id":"https:\/\/laexim.com\/#website","url":"https:\/\/laexim.com\/","name":"LAEXIM","description":"","potentialAction":[{"@type":"SearchAction","target":{"@type":"EntryPoint","urlTemplate":"https:\/\/laexim.com\/?s={search_term_string}"},"query-input":"required name=search_term_string"}],"inLanguage":"vi-VN"},{"@type":"ImageObject","inLanguage":"vi-VN","@id":"http:\/\/laexim.com\/services\/sales-marketing\/#primaryimage","url":"http:\/\/laexim.com\/wp-content\/uploads\/2022\/12\/service.jpg","contentUrl":"http:\/\/laexim.com\/wp-content\/uploads\/2022\/12\/service.jpg","width":768,"height":307},{"@type":"WebPage","@id":"http:\/\/laexim.com\/services\/sales-marketing\/#webpage","url":"http:\/\/laexim.com\/services\/sales-marketing\/","name":"B\u00e1n h\u00e0ng v\u00e0 Marketing - LAEXIM","isPartOf":{"@id":"https:\/\/laexim.com\/#website"},"primaryImageOfPage":{"@id":"http:\/\/laexim.com\/services\/sales-marketing\/#primaryimage"},"datePublished":"2022-10-28T08:37:56+00:00","dateModified":"2023-04-17T19:02:20+00:00","breadcrumb":{"@id":"http:\/\/laexim.com\/services\/sales-marketing\/#breadcrumb"},"inLanguage":"vi-VN","potentialAction":[{"@type":"ReadAction","target":["http:\/\/laexim.com\/services\/sales-marketing\/"]}]},{"@type":"BreadcrumbList","@id":"http:\/\/laexim.com\/services\/sales-marketing\/#breadcrumb","itemListElement":[{"@type":"ListItem","position":1,"name":"Home","item":"http:\/\/laexim.com\/vi\/"},{"@type":"ListItem","position":2,"name":"D\u1ecbch v\u1ee5","item":"https:\/\/laexim.com\/vi\/services\/"},{"@type":"ListItem","position":3,"name":"B\u00e1n h\u00e0ng v\u00e0 Marketing"}]}]}},"_links":{"self":[{"href":"http:\/\/laexim.com\/vi\/wp-json\/wp\/v2\/pages\/3211","targetHints":{"allow":["GET"]}}],"collection":[{"href":"http:\/\/laexim.com\/vi\/wp-json\/wp\/v2\/pages"}],"about":[{"href":"http:\/\/laexim.com\/vi\/wp-json\/wp\/v2\/types\/page"}],"author":[{"embeddable":true,"href":"http:\/\/laexim.com\/vi\/wp-json\/wp\/v2\/users\/1"}],"replies":[{"embeddable":true,"href":"http:\/\/laexim.com\/vi\/wp-json\/wp\/v2\/comments?post=3211"}],"version-history":[{"count":31,"href":"http:\/\/laexim.com\/vi\/wp-json\/wp\/v2\/pages\/3211\/revisions"}],"predecessor-version":[{"id":4092,"href":"http:\/\/laexim.com\/vi\/wp-json\/wp\/v2\/pages\/3211\/revisions\/4092"}],"up":[{"embeddable":true,"href":"http:\/\/laexim.com\/vi\/wp-json\/wp\/v2\/pages\/3209"}],"wp:attachment":[{"href":"http:\/\/laexim.com\/vi\/wp-json\/wp\/v2\/media?parent=3211"}],"curies":[{"name":"wp","href":"https:\/\/api.w.org\/{rel}","templated":true}]}}