{"id":142,"date":"2021-10-13T15:43:08","date_gmt":"2021-10-13T15:43:08","guid":{"rendered":"https:\/\/laexim.com\/?page_id=142"},"modified":"2022-12-30T09:00:58","modified_gmt":"2022-12-30T09:00:58","slug":"ve-laexim","status":"publish","type":"page","link":"https:\/\/laexim.com\/vi\/ve-laexim\/","title":{"rendered":"V\u1ec0 LAEXIM"},"content":{"rendered":"<p><img loading=\"lazy\" decoding=\"async\" class=\"wp-image-3902 size-full alignleft\" src=\"http:\/\/laexim.com\/wp-content\/uploads\/2022\/12\/banner-about-us-1.jpg\" alt=\"\" width=\"750\" height=\"502\" srcset=\"https:\/\/laexim.com\/wp-content\/uploads\/2022\/12\/banner-about-us-1.jpg 750w, https:\/\/laexim.com\/wp-content\/uploads\/2022\/12\/banner-about-us-1-300x201.jpg 300w\" sizes=\"auto, (max-width: 750px) 100vw, 750px\" \/><\/p>\n<h4 style=\"margin-bottom: 15px;\"><strong>CON NG\u01af\u1edcI C\u1ee6A CH\u00daNG T\u00d4I<\/strong><\/h4>\n<p><span style=\"font-weight: 400;\">S\u1ef1 \u0111a d\u1ea1ng l\u00e0 c\u1ed1t l\u00f5i c\u1ee7a m\u00f4 h\u00ecnh kinh doanh c\u1ee7a ch\u00fang t\u00f4i. \u0110\u00f3 l\u00e0 c\u01a1 s\u1edf cho s\u1ef1 hi\u1ec3u bi\u1ebft s\u00e2u s\u1eafc c\u1ee7a ch\u00fang t\u00f4i v\u1ec1 c\u00e1c n\u1ec1n v\u0103n h\u00f3a kh\u00e1c nhau v\u00e0 kh\u1ea3 n\u0103ng cung c\u1ea5p d\u1ecbch v\u1ee5 \u0111\u1eb7c bi\u1ec7t cho c\u00e1c \u0111\u1ed1i t\u00e1c kinh doanh tr\u00ean to\u00e0n th\u1ebf gi\u1edbi.<\/span><\/p>\n<p><span style=\"font-weight: 400;\">V\u0103n h\u00f3a doanh nghi\u1ec7p c\u1ee7a ch\u00fang t\u00f4i ph\u00f9 h\u1ee3p v\u1edbi nh\u1eefng ng\u01b0\u1eddi l\u00e0m vi\u1ec7c multi-task, th\u00edch thay \u0111\u1ed5i. N\u00f3 t\u1ea1o ra \u0111\u1ed9ng l\u1ef1c v\u00e0 \u0111\u1ea3m b\u1ea3o s\u1ef1 tham gia t\u00edch c\u1ef1c c\u1ee7a nh\u00e2n vi\u00ean \u1edf c\u00e1c c\u1ea5p. N\u00f3 kh\u00e1 \u0111\u1ed9c \u0111\u00e1o, \u0111\u01b0\u1ee3c \u0111\u00e1nh d\u1ea5u b\u1eb1ng vi\u1ec7c giao ti\u1ebfp hi\u1ec7u qu\u1ea3, ra quy\u1ebft \u0111\u1ecbnh nhanh ch\u00f3ng v\u00e0 c\u1ea5u tr\u00fac c\u00f4ng vi\u1ec7c \u0111\u01b0\u1ee3c thi\u1ebft k\u1ebf \u0111\u1ec3 duy tr\u00ec v\u00e0 ph\u00e1t tri\u1ec3n n\u0103ng l\u1ef1c c\u1ee7a nh\u00e2n vi\u00ean. Ch\u00fang t\u00f4i nu\u00f4i d\u01b0\u1ee1ng s\u1ef1 \u0111\u1ed5i m\u1edbi, th\u00fac \u0111\u1ea9y s\u00e1ng t\u1ea1o v\u00e0 th\u1ea3o lu\u1eadn c\u1edfi m\u1edf, h\u1ed7 tr\u1ee3 \u1edf t\u1ea5t c\u1ea3 c\u00e1c c\u1ea5p.<\/span><\/p>\n<p>T\u1ea1i Laexim, ch\u00fang t\u00f4i c\u1ed1 g\u1eafng tr\u1edf th\u00e0nh m\u1ed9t n\u01a1i l\u00e0m vi\u1ec7c tuy\u1ec7t v\u1eddi cho t\u1ea5t c\u1ea3 m\u1ecdi ng\u01b0\u1eddi.<\/p>\n<p class=\"space_t\" style=\"text-align: center;\">&#8212;&#8212;&#8212;&#8212;&#8212;&#8212;&#8212;&#8212;&#8212;&#8212;&#8212;&#8212;&#8212;&#8212;&#8212;&#8212;&#8212;&#8212;&#8212;&#8212;&#8212;&#8212;&#8212;&#8212;&#8212;&#8212;&#8212;&#8212;&#8212;&#8212;&#8212;&#8212;&#8212;&#8212;&#8212;&#8212;&#8212;&#8212;&#8212;&#8212;<\/p>\n<p class=\"space_t\" style=\"text-align: center;\">&#8212;&#8212;&#8212;&#8212;&#8212;&#8212;&#8212;&#8212;&#8212;&#8212;&#8212;&#8212;&#8212;&#8212;<\/p>\n<h3 style=\"text-align: center;\"><strong>C\u00c2U H\u1eceI TH\u01af\u1edcNG G\u1eb6P<\/strong><\/h3>\n<p>&nbsp;<\/p>\n<div class=\"des_about_us\">\n<div class=\"des_about\" style=\"width: 45%; float: left; font-family: 'Montserrat'; font-size: 15px;\">\n<p><strong>C\u00f4ng ty cung c\u1ea5p s\u1ea3n ph\u1ea9m &amp; d\u1ecbch v\u1ee5 n\u00e0o?<\/strong><br \/>\nCh\u00fang t\u00f4i c\u00f3 th\u1ec3 cung c\u1ea5p b\u1ea5t k\u1ef3 s\u1ea3n ph\u1ea9m ho\u1eb7c d\u1ecbch v\u1ee5 n\u00e0o t\u1eeb h\u00e0ng commodities \u0111\u1ebfn specialty. Vui l\u00f2ng tham kh\u1ea3o th\u00eam \u1edf m\u1ee5c Business c\u1ee7a ch\u00fang t\u00f4i.<\/p>\n<p><strong>C\u00f4ng ty l\u00e0m vi\u1ec7c v\u1edbi lo\u1ea1i h\u00ecnh doanh nghi\u1ec7p n\u00e0o?<\/strong><br \/>\nCh\u00fang t\u00f4i l\u00e0m vi\u1ec7c v\u1edbi \u0111a d\u1ea1ng c\u00e1c m\u00f4 h\u00ecnh c\u00f4ng ty t\u1eeb c\u00f4ng ty v\u1eeba v\u00e0 nh\u1ecf \u0111\u1ebfn c\u00f4ng ty \u0111a qu\u1ed1c gia \u0111ang t\u00ecm c\u00e1ch mua h\u00e0ng h\u00f3a v\u00e0 d\u1ecbch v\u1ee5 t\u1eeb c\u00e1c th\u1ecb tr\u01b0\u1eddng m\u1edbi n\u1ed5i \u0111\u1ec3 kinh doanh ho\u1eb7c \u0111\u1ec3 h\u1ed7 tr\u1ee3 c\u00e1c ho\u1ea1t \u0111\u1ed9ng t\u1ea1i \u0111\u1ecba ph\u01b0\u01a1ng c\u1ee7a h\u1ecd.<\/p>\n<p><strong>C\u00f4ng ty c\u00f3 m\u1ed1i quan h\u1ec7 \u01b0u ti\u00ean v\u1edbi c\u00e1c nh\u00e0 cung c\u1ea5p kh\u00f4ng?<\/strong><br \/>\nCh\u00fang t\u00f4i \u0111\u1ed9c l\u1eadp v\u1edbi nh\u00e0 cung c\u1ea5p. Ch\u00fang t\u00f4i ti\u1ebfn h\u00e0nh mua s\u1eafm tr\u00ean c\u01a1 s\u1edf kh\u00e1ch quan v\u00e0 \u0111\u01b0\u1ee3c l\u1eadp th\u00e0nh v\u0103n b\u1ea3n.<\/p>\n<\/div>\n<div class=\"des_about\" style=\"width: 50%; float: left; font-family: 'Montserrat'; font-size: 15px;\">\n<p><strong>M\u1ea5t bao l\u00e2u \u0111\u1ec3 \u0111\u00e1nh gi\u00e1 c\u01a1 h\u1ed9i kinh doanh ti\u1ec1m n\u0103ng?<\/strong><br \/>\nT\u1eeb c\u00e1c b\u01b0\u1edbc c\u01a1 s\u1edf ban \u0111\u1ea7u \u0111\u1ebfn khi nh\u1eadn \u0111\u1ecbnh c\u01a1 h\u1ed9i ti\u1ec1m n\u0103ng, m\u1ea5t t\u1eeb v\u00e0i ng\u00e0y \u0111\u1ed1i v\u1edbi c\u00e1c danh m\u1ee5c ch\u00fang t\u00f4i bi\u1ebft r\u00f5 \u0111\u1ebfn kho\u1ea3ng v\u00e0i th\u00e1ng \u0111\u1ed1i v\u1edbi c\u00e1c danh m\u1ee5c kinh doanh m\u1edbi.<\/p>\n<p><strong>M\u1ea5t bao l\u00e2u \u0111\u1ee7 \u0111\u1ec3 x\u00e1c \u0111\u1ecbnh m\u1ed9t nh\u00e0 cung c\u1ea5p m\u1edbi?<\/strong><br \/>\n\u0110\u1ec3 x\u00e1c \u0111\u1ecbnh m\u1ed9t nh\u00e0 cung c\u1ea5p m\u1edbi ti\u1ec1m n\u0103ng v\u00e0 mong mu\u1ed1n h\u1ee3p t\u00e1c l\u00e2u d\u00e0i, th\u00f4ng th\u01b0\u1eddng s\u1ebd m\u1ea5t t\u1eeb v\u00e0i tu\u1ea7n \u0111\u1ed1i v\u1edbi c\u00e1c s\u1ea3n ph\u1ea9m commodities \u0111\u01a1n gi\u1ea3n \u0111\u1ebfn v\u00e0i th\u00e1ng \u0111\u1ed1i v\u1edbi c\u00e1c s\u1ea3n ph\u1ea9m ph\u1ee9c t\u1ea1p \u0111\u01b0\u1ee3c thi\u1ebft k\u1ebf ri\u00eang.<\/p>\n<p><strong>T\u00f4i c\u00f3 th\u1ec3 b\u1eaft \u0111\u1ea7u l\u00e0m vi\u1ec7c v\u1edbi LAEXIM b\u1eb1ng c\u00e1ch n\u00e0o?<\/strong><br \/>\nLi\u00ean h\u1ec7 v\u1edbi ch\u00fang t\u00f4i \u0111\u1ec3 th\u1ea3o lu\u1eadn v\u1ec1 y\u00eau c\u1ea7u c\u1ee7a b\u1ea1n.<\/p>\n<\/div>\n<\/div>\n<p><img loading=\"lazy\" decoding=\"async\" class=\"wp-image-3817 size-full\" src=\"http:\/\/laexim.com\/wp-content\/uploads\/2022\/12\/special-message-banner-01.jpg\" alt=\"\" width=\"1600\" height=\"600\" srcset=\"https:\/\/laexim.com\/wp-content\/uploads\/2022\/12\/special-message-banner-01.jpg 1600w, https:\/\/laexim.com\/wp-content\/uploads\/2022\/12\/special-message-banner-01-300x113.jpg 300w, https:\/\/laexim.com\/wp-content\/uploads\/2022\/12\/special-message-banner-01-1024x384.jpg 1024w, https:\/\/laexim.com\/wp-content\/uploads\/2022\/12\/special-message-banner-01-768x288.jpg 768w, https:\/\/laexim.com\/wp-content\/uploads\/2022\/12\/special-message-banner-01-1536x576.jpg 1536w\" sizes=\"auto, (max-width: 1600px) 100vw, 1600px\" \/><\/p>\n","protected":false},"excerpt":{"rendered":"<p>CON NG\u01af\u1edcI C\u1ee6A CH\u00daNG T\u00d4I S\u1ef1 \u0111a d\u1ea1ng l\u00e0 c\u1ed1t l\u00f5i c\u1ee7a m\u00f4 h\u00ecnh kinh doanh c\u1ee7a ch\u00fang t\u00f4i. \u0110\u00f3 l\u00e0 c\u01a1 s\u1edf cho s\u1ef1 hi\u1ec3u bi\u1ebft s\u00e2u s\u1eafc c\u1ee7a ch\u00fang t\u00f4i v\u1ec1 c\u00e1c n\u1ec1n v\u0103n h\u00f3a kh\u00e1c nhau v\u00e0 kh\u1ea3 n\u0103ng cung c\u1ea5p d\u1ecbch v\u1ee5 \u0111\u1eb7c bi\u1ec7t cho c\u00e1c \u0111\u1ed1i t\u00e1c kinh doanh tr\u00ean &#8230; <a title=\"V\u1ec0 LAEXIM\" class=\"read-more\" href=\"https:\/\/laexim.com\/vi\/ve-laexim\/\" aria-label=\"More on V\u1ec0 LAEXIM\">Read more<\/a><\/p>\n","protected":false},"author":1,"featured_media":0,"parent":0,"menu_order":0,"comment_status":"closed","ping_status":"closed","template":"templates\/about.php","meta":{"footnotes":""},"class_list":["post-142","page","type-page","status-publish"],"yoast_head":"<!-- This site is optimized with the Yoast SEO plugin v18.8 - https:\/\/yoast.com\/wordpress\/plugins\/seo\/ -->\n<title>V\u1ec0 LAEXIM - LAEXIM<\/title>\n<meta name=\"robots\" content=\"index, follow, max-snippet:-1, max-image-preview:large, max-video-preview:-1\" \/>\n<link rel=\"canonical\" href=\"http:\/\/laexim.com\/vi\/ve-laexim\/\" \/>\n<meta property=\"og:locale\" content=\"vi_VN\" \/>\n<meta property=\"og:type\" content=\"article\" \/>\n<meta property=\"og:title\" content=\"V\u1ec0 LAEXIM - LAEXIM\" \/>\n<meta property=\"og:description\" content=\"CON NG\u01af\u1edcI C\u1ee6A CH\u00daNG T\u00d4I S\u1ef1 \u0111a d\u1ea1ng l\u00e0 c\u1ed1t l\u00f5i c\u1ee7a m\u00f4 h\u00ecnh kinh doanh c\u1ee7a ch\u00fang t\u00f4i. \u0110\u00f3 l\u00e0 c\u01a1 s\u1edf cho s\u1ef1 hi\u1ec3u bi\u1ebft s\u00e2u s\u1eafc c\u1ee7a ch\u00fang t\u00f4i v\u1ec1 c\u00e1c n\u1ec1n v\u0103n h\u00f3a kh\u00e1c nhau v\u00e0 kh\u1ea3 n\u0103ng cung c\u1ea5p d\u1ecbch v\u1ee5 \u0111\u1eb7c bi\u1ec7t cho c\u00e1c \u0111\u1ed1i t\u00e1c kinh doanh tr\u00ean ... Read more\" \/>\n<meta property=\"og:url\" content=\"http:\/\/laexim.com\/vi\/ve-laexim\/\" \/>\n<meta property=\"og:site_name\" content=\"LAEXIM\" \/>\n<meta property=\"article:modified_time\" content=\"2022-12-30T09:00:58+00:00\" \/>\n<meta property=\"og:image\" content=\"http:\/\/laexim.com\/wp-content\/uploads\/2022\/12\/banner-about-us-1.jpg\" \/>\n<meta name=\"twitter:card\" content=\"summary_large_image\" \/>\n<meta name=\"twitter:label1\" content=\"Est. reading time\" \/>\n\t<meta name=\"twitter:data1\" content=\"4 minutes\" \/>\n<script type=\"application\/ld+json\" class=\"yoast-schema-graph\">{\"@context\":\"https:\/\/schema.org\",\"@graph\":[{\"@type\":\"WebSite\",\"@id\":\"https:\/\/laexim.com\/#website\",\"url\":\"https:\/\/laexim.com\/\",\"name\":\"LAEXIM\",\"description\":\"\",\"potentialAction\":[{\"@type\":\"SearchAction\",\"target\":{\"@type\":\"EntryPoint\",\"urlTemplate\":\"https:\/\/laexim.com\/?s={search_term_string}\"},\"query-input\":\"required name=search_term_string\"}],\"inLanguage\":\"vi-VN\"},{\"@type\":\"ImageObject\",\"inLanguage\":\"vi-VN\",\"@id\":\"http:\/\/laexim.com\/vi\/ve-laexim\/#primaryimage\",\"url\":\"https:\/\/laexim.com\/wp-content\/uploads\/2022\/12\/banner-about-us-1.jpg\",\"contentUrl\":\"https:\/\/laexim.com\/wp-content\/uploads\/2022\/12\/banner-about-us-1.jpg\",\"width\":750,\"height\":502},{\"@type\":\"WebPage\",\"@id\":\"http:\/\/laexim.com\/vi\/ve-laexim\/#webpage\",\"url\":\"http:\/\/laexim.com\/vi\/ve-laexim\/\",\"name\":\"V\u1ec0 LAEXIM - LAEXIM\",\"isPartOf\":{\"@id\":\"https:\/\/laexim.com\/#website\"},\"primaryImageOfPage\":{\"@id\":\"http:\/\/laexim.com\/vi\/ve-laexim\/#primaryimage\"},\"datePublished\":\"2021-10-13T15:43:08+00:00\",\"dateModified\":\"2022-12-30T09:00:58+00:00\",\"breadcrumb\":{\"@id\":\"http:\/\/laexim.com\/vi\/ve-laexim\/#breadcrumb\"},\"inLanguage\":\"vi-VN\",\"potentialAction\":[{\"@type\":\"ReadAction\",\"target\":[\"http:\/\/laexim.com\/vi\/ve-laexim\/\"]}]},{\"@type\":\"BreadcrumbList\",\"@id\":\"http:\/\/laexim.com\/vi\/ve-laexim\/#breadcrumb\",\"itemListElement\":[{\"@type\":\"ListItem\",\"position\":1,\"name\":\"Home\",\"item\":\"http:\/\/laexim.com\/vi\/\"},{\"@type\":\"ListItem\",\"position\":2,\"name\":\"V\u1ec0 LAEXIM\"}]}]}<\/script>\n<!-- \/ Yoast SEO plugin. -->","yoast_head_json":{"title":"V\u1ec0 LAEXIM - LAEXIM","robots":{"index":"index","follow":"follow","max-snippet":"max-snippet:-1","max-image-preview":"max-image-preview:large","max-video-preview":"max-video-preview:-1"},"canonical":"http:\/\/laexim.com\/vi\/ve-laexim\/","og_locale":"vi_VN","og_type":"article","og_title":"V\u1ec0 LAEXIM - LAEXIM","og_description":"CON NG\u01af\u1edcI C\u1ee6A CH\u00daNG T\u00d4I S\u1ef1 \u0111a d\u1ea1ng l\u00e0 c\u1ed1t l\u00f5i c\u1ee7a m\u00f4 h\u00ecnh kinh doanh c\u1ee7a ch\u00fang t\u00f4i. \u0110\u00f3 l\u00e0 c\u01a1 s\u1edf cho s\u1ef1 hi\u1ec3u bi\u1ebft s\u00e2u s\u1eafc c\u1ee7a ch\u00fang t\u00f4i v\u1ec1 c\u00e1c n\u1ec1n v\u0103n h\u00f3a kh\u00e1c nhau v\u00e0 kh\u1ea3 n\u0103ng cung c\u1ea5p d\u1ecbch v\u1ee5 \u0111\u1eb7c bi\u1ec7t cho c\u00e1c \u0111\u1ed1i t\u00e1c kinh doanh tr\u00ean ... Read more","og_url":"http:\/\/laexim.com\/vi\/ve-laexim\/","og_site_name":"LAEXIM","article_modified_time":"2022-12-30T09:00:58+00:00","og_image":[{"url":"http:\/\/laexim.com\/wp-content\/uploads\/2022\/12\/banner-about-us-1.jpg"}],"twitter_card":"summary_large_image","twitter_misc":{"Est. reading time":"4 minutes"},"schema":{"@context":"https:\/\/schema.org","@graph":[{"@type":"WebSite","@id":"https:\/\/laexim.com\/#website","url":"https:\/\/laexim.com\/","name":"LAEXIM","description":"","potentialAction":[{"@type":"SearchAction","target":{"@type":"EntryPoint","urlTemplate":"https:\/\/laexim.com\/?s={search_term_string}"},"query-input":"required name=search_term_string"}],"inLanguage":"vi-VN"},{"@type":"ImageObject","inLanguage":"vi-VN","@id":"http:\/\/laexim.com\/vi\/ve-laexim\/#primaryimage","url":"https:\/\/laexim.com\/wp-content\/uploads\/2022\/12\/banner-about-us-1.jpg","contentUrl":"https:\/\/laexim.com\/wp-content\/uploads\/2022\/12\/banner-about-us-1.jpg","width":750,"height":502},{"@type":"WebPage","@id":"http:\/\/laexim.com\/vi\/ve-laexim\/#webpage","url":"http:\/\/laexim.com\/vi\/ve-laexim\/","name":"V\u1ec0 LAEXIM - LAEXIM","isPartOf":{"@id":"https:\/\/laexim.com\/#website"},"primaryImageOfPage":{"@id":"http:\/\/laexim.com\/vi\/ve-laexim\/#primaryimage"},"datePublished":"2021-10-13T15:43:08+00:00","dateModified":"2022-12-30T09:00:58+00:00","breadcrumb":{"@id":"http:\/\/laexim.com\/vi\/ve-laexim\/#breadcrumb"},"inLanguage":"vi-VN","potentialAction":[{"@type":"ReadAction","target":["http:\/\/laexim.com\/vi\/ve-laexim\/"]}]},{"@type":"BreadcrumbList","@id":"http:\/\/laexim.com\/vi\/ve-laexim\/#breadcrumb","itemListElement":[{"@type":"ListItem","position":1,"name":"Home","item":"http:\/\/laexim.com\/vi\/"},{"@type":"ListItem","position":2,"name":"V\u1ec0 LAEXIM"}]}]}},"_links":{"self":[{"href":"https:\/\/laexim.com\/vi\/wp-json\/wp\/v2\/pages\/142","targetHints":{"allow":["GET"]}}],"collection":[{"href":"https:\/\/laexim.com\/vi\/wp-json\/wp\/v2\/pages"}],"about":[{"href":"https:\/\/laexim.com\/vi\/wp-json\/wp\/v2\/types\/page"}],"author":[{"embeddable":true,"href":"https:\/\/laexim.com\/vi\/wp-json\/wp\/v2\/users\/1"}],"replies":[{"embeddable":true,"href":"https:\/\/laexim.com\/vi\/wp-json\/wp\/v2\/comments?post=142"}],"version-history":[{"count":132,"href":"https:\/\/laexim.com\/vi\/wp-json\/wp\/v2\/pages\/142\/revisions"}],"predecessor-version":[{"id":3978,"href":"https:\/\/laexim.com\/vi\/wp-json\/wp\/v2\/pages\/142\/revisions\/3978"}],"wp:attachment":[{"href":"https:\/\/laexim.com\/vi\/wp-json\/wp\/v2\/media?parent=142"}],"curies":[{"name":"wp","href":"https:\/\/api.w.org\/{rel}","templated":true}]}}