{"id":2732,"date":"2022-07-21T08:10:45","date_gmt":"2022-07-21T08:10:45","guid":{"rendered":"https:\/\/laexim.com\/?page_id=2732"},"modified":"2023-04-17T19:23:08","modified_gmt":"2023-04-17T19:23:08","slug":"tai-sao-la-chung-toi","status":"publish","type":"page","link":"https:\/\/laexim.com\/vi\/tai-sao-la-chung-toi\/","title":{"rendered":"T\u1ea1i sao l\u00e0 ch\u00fang t\u00f4i"},"content":{"rendered":"","protected":false},"excerpt":{"rendered":"","protected":false},"author":1,"featured_media":0,"parent":0,"menu_order":0,"comment_status":"closed","ping_status":"closed","template":"templates\/why_us.php","meta":{"footnotes":""},"class_list":["post-2732","page","type-page","status-publish"],"yoast_head":"<!-- This site is optimized with the Yoast SEO plugin v18.8 - https:\/\/yoast.com\/wordpress\/plugins\/seo\/ -->\n<title>T\u1ea1i sao l\u00e0 ch\u00fang t\u00f4i - LAEXIM<\/title>\n<meta name=\"robots\" content=\"index, follow, max-snippet:-1, max-image-preview:large, max-video-preview:-1\" \/>\n<link rel=\"canonical\" href=\"http:\/\/laexim.com\/vi\/tai-sao-la-chung-toi\/\" \/>\n<meta property=\"og:locale\" content=\"vi_VN\" \/>\n<meta property=\"og:type\" content=\"article\" \/>\n<meta property=\"og:title\" content=\"T\u1ea1i sao l\u00e0 ch\u00fang t\u00f4i - LAEXIM\" \/>\n<meta property=\"og:url\" content=\"http:\/\/laexim.com\/vi\/tai-sao-la-chung-toi\/\" \/>\n<meta property=\"og:site_name\" content=\"LAEXIM\" \/>\n<meta property=\"article:modified_time\" content=\"2023-04-17T19:23:08+00:00\" \/>\n<meta name=\"twitter:card\" content=\"summary_large_image\" \/>\n<script type=\"application\/ld+json\" class=\"yoast-schema-graph\">{\"@context\":\"https:\/\/schema.org\",\"@graph\":[{\"@type\":\"WebSite\",\"@id\":\"https:\/\/laexim.com\/#website\",\"url\":\"https:\/\/laexim.com\/\",\"name\":\"LAEXIM\",\"description\":\"\",\"potentialAction\":[{\"@type\":\"SearchAction\",\"target\":{\"@type\":\"EntryPoint\",\"urlTemplate\":\"https:\/\/laexim.com\/?s={search_term_string}\"},\"query-input\":\"required name=search_term_string\"}],\"inLanguage\":\"vi-VN\"},{\"@type\":\"WebPage\",\"@id\":\"http:\/\/laexim.com\/vi\/tai-sao-la-chung-toi\/#webpage\",\"url\":\"http:\/\/laexim.com\/vi\/tai-sao-la-chung-toi\/\",\"name\":\"T\u1ea1i sao l\u00e0 ch\u00fang t\u00f4i - LAEXIM\",\"isPartOf\":{\"@id\":\"https:\/\/laexim.com\/#website\"},\"datePublished\":\"2022-07-21T08:10:45+00:00\",\"dateModified\":\"2023-04-17T19:23:08+00:00\",\"breadcrumb\":{\"@id\":\"http:\/\/laexim.com\/vi\/tai-sao-la-chung-toi\/#breadcrumb\"},\"inLanguage\":\"vi-VN\",\"potentialAction\":[{\"@type\":\"ReadAction\",\"target\":[\"http:\/\/laexim.com\/vi\/tai-sao-la-chung-toi\/\"]}]},{\"@type\":\"BreadcrumbList\",\"@id\":\"http:\/\/laexim.com\/vi\/tai-sao-la-chung-toi\/#breadcrumb\",\"itemListElement\":[{\"@type\":\"ListItem\",\"position\":1,\"name\":\"Home\",\"item\":\"http:\/\/laexim.com\/vi\/\"},{\"@type\":\"ListItem\",\"position\":2,\"name\":\"T\u1ea1i sao l\u00e0 ch\u00fang t\u00f4i\"}]}]}<\/script>\n<!-- \/ Yoast SEO plugin. -->","yoast_head_json":{"title":"T\u1ea1i sao l\u00e0 ch\u00fang t\u00f4i - LAEXIM","robots":{"index":"index","follow":"follow","max-snippet":"max-snippet:-1","max-image-preview":"max-image-preview:large","max-video-preview":"max-video-preview:-1"},"canonical":"http:\/\/laexim.com\/vi\/tai-sao-la-chung-toi\/","og_locale":"vi_VN","og_type":"article","og_title":"T\u1ea1i sao l\u00e0 ch\u00fang t\u00f4i - LAEXIM","og_url":"http:\/\/laexim.com\/vi\/tai-sao-la-chung-toi\/","og_site_name":"LAEXIM","article_modified_time":"2023-04-17T19:23:08+00:00","twitter_card":"summary_large_image","schema":{"@context":"https:\/\/schema.org","@graph":[{"@type":"WebSite","@id":"https:\/\/laexim.com\/#website","url":"https:\/\/laexim.com\/","name":"LAEXIM","description":"","potentialAction":[{"@type":"SearchAction","target":{"@type":"EntryPoint","urlTemplate":"https:\/\/laexim.com\/?s={search_term_string}"},"query-input":"required name=search_term_string"}],"inLanguage":"vi-VN"},{"@type":"WebPage","@id":"http:\/\/laexim.com\/vi\/tai-sao-la-chung-toi\/#webpage","url":"http:\/\/laexim.com\/vi\/tai-sao-la-chung-toi\/","name":"T\u1ea1i sao l\u00e0 ch\u00fang t\u00f4i - LAEXIM","isPartOf":{"@id":"https:\/\/laexim.com\/#website"},"datePublished":"2022-07-21T08:10:45+00:00","dateModified":"2023-04-17T19:23:08+00:00","breadcrumb":{"@id":"http:\/\/laexim.com\/vi\/tai-sao-la-chung-toi\/#breadcrumb"},"inLanguage":"vi-VN","potentialAction":[{"@type":"ReadAction","target":["http:\/\/laexim.com\/vi\/tai-sao-la-chung-toi\/"]}]},{"@type":"BreadcrumbList","@id":"http:\/\/laexim.com\/vi\/tai-sao-la-chung-toi\/#breadcrumb","itemListElement":[{"@type":"ListItem","position":1,"name":"Home","item":"http:\/\/laexim.com\/vi\/"},{"@type":"ListItem","position":2,"name":"T\u1ea1i sao l\u00e0 ch\u00fang t\u00f4i"}]}]}},"_links":{"self":[{"href":"https:\/\/laexim.com\/vi\/wp-json\/wp\/v2\/pages\/2732","targetHints":{"allow":["GET"]}}],"collection":[{"href":"https:\/\/laexim.com\/vi\/wp-json\/wp\/v2\/pages"}],"about":[{"href":"https:\/\/laexim.com\/vi\/wp-json\/wp\/v2\/types\/page"}],"author":[{"embeddable":true,"href":"https:\/\/laexim.com\/vi\/wp-json\/wp\/v2\/users\/1"}],"replies":[{"embeddable":true,"href":"https:\/\/laexim.com\/vi\/wp-json\/wp\/v2\/comments?post=2732"}],"version-history":[{"count":13,"href":"https:\/\/laexim.com\/vi\/wp-json\/wp\/v2\/pages\/2732\/revisions"}],"predecessor-version":[{"id":4099,"href":"https:\/\/laexim.com\/vi\/wp-json\/wp\/v2\/pages\/2732\/revisions\/4099"}],"wp:attachment":[{"href":"https:\/\/laexim.com\/vi\/wp-json\/wp\/v2\/media?parent=2732"}],"curies":[{"name":"wp","href":"https:\/\/api.w.org\/{rel}","templated":true}]}}