{"id":3214,"date":"2022-10-28T08:38:31","date_gmt":"2022-10-28T08:38:31","guid":{"rendered":"https:\/\/laexim.com\/?page_id=3214"},"modified":"2023-04-17T19:42:35","modified_gmt":"2023-04-17T19:42:35","slug":"kho-bai-logistics-va-dich-vu-khach-hang","status":"publish","type":"page","link":"https:\/\/laexim.com\/vi\/services\/kho-bai-logistics-va-dich-vu-khach-hang\/","title":{"rendered":"Kho b\u00e3i, Logistics v\u00e0 D\u1ecbch v\u1ee5 kh\u00e1ch h\u00e0ng"},"content":{"rendered":"<p>LAEXIM cung c\u1ea5p d\u1ecbch v\u1ee5 logistics cho c\u1ea3 nh\u00e0 cung c\u1ea5p v\u00e0 kh\u00e1ch h\u00e0ng. D\u1ecbch v\u1ee5 n\u00e0y \u0111\u01b0\u1ee3c c\u00f4ng ty t\u00edch h\u1ee3p nh\u01b0 m\u1ed9t ph\u1ea7n kh\u00f4ng th\u1ec3 t\u00e1ch r\u1eddi t\u1ea1o th\u00e0nh chu\u1ed7i cung \u1ee9ng ho\u00e0n thi\u1ec7n v\u00e0 kh\u00e9p k\u00edn.<\/p>\n<p>LAEXIM c\u0169ng x\u00e2y d\u1ef1ng m\u1ed1i quan h\u1ec7 ch\u1eb7t ch\u1ebd v\u1edbi c\u00e1c h\u00e3ng t\u00e0u l\u1edbn, c\u00e1c c\u00f4ng ty logistics, c\u1ea3ng bi\u1ec3n v\u00e0 c\u00e1c c\u00f4ng ty b\u1ea3o hi\u1ec3m gi\u00fap h\u00e0ng h\u00f3a \u0111\u01b0\u1ee3c v\u1eadn chuy\u1ec3n t\u1ed1t h\u01a1n v\u1edbi chi ph\u00ed c\u1ea1nh tranh.<\/p>\n<p>C\u00e1c d\u1ecbch v\u1ee5 h\u1eadu c\u1ea7n c\u1ee7a LAEXIM bao g\u1ed3m: kho b\u00e3i, \u0111\u00f3ng ki\u1ec7n, \u0111\u00f3ng g\u00f3i, v\u1eadn chuy\u1ec3n b\u1eb1ng \u0111\u01b0\u1eddng kh\u00f4ng, \u0111\u01b0\u1eddng bi\u1ec3n v\u00e0 \u0111\u01b0\u1eddng b\u1ed9, khai b\u00e1o h\u1ea3i quan, n\u1ed9p thu\u1ebf, giao nh\u1eadn \u2026<\/p>\n<p><img loading=\"lazy\" decoding=\"async\" class=\"alignnone wp-image-3299 size-full\" src=\"http:\/\/laexim.com\/wp-content\/uploads\/2022\/11\/bu3.jpg\" alt=\"\" width=\"850\" height=\"549\" srcset=\"https:\/\/laexim.com\/wp-content\/uploads\/2022\/11\/bu3.jpg 850w, https:\/\/laexim.com\/wp-content\/uploads\/2022\/11\/bu3-300x194.jpg 300w, https:\/\/laexim.com\/wp-content\/uploads\/2022\/11\/bu3-768x496.jpg 768w\" sizes=\"auto, (max-width: 850px) 100vw, 850px\" \/><\/p>\n","protected":false},"excerpt":{"rendered":"<p>LAEXIM cung c\u1ea5p d\u1ecbch v\u1ee5 logistics cho c\u1ea3 nh\u00e0 cung c\u1ea5p v\u00e0 kh\u00e1ch h\u00e0ng. D\u1ecbch v\u1ee5 n\u00e0y \u0111\u01b0\u1ee3c c\u00f4ng ty t\u00edch h\u1ee3p nh\u01b0 m\u1ed9t ph\u1ea7n kh\u00f4ng th\u1ec3 t\u00e1ch r\u1eddi t\u1ea1o th\u00e0nh chu\u1ed7i cung \u1ee9ng ho\u00e0n thi\u1ec7n v\u00e0 kh\u00e9p k\u00edn. LAEXIM c\u0169ng x\u00e2y d\u1ef1ng m\u1ed1i quan h\u1ec7 ch\u1eb7t ch\u1ebd v\u1edbi c\u00e1c h\u00e3ng t\u00e0u l\u1edbn, c\u00e1c c\u00f4ng &#8230; <a title=\"Kho b\u00e3i, Logistics v\u00e0 D\u1ecbch v\u1ee5 kh\u00e1ch h\u00e0ng\" class=\"read-more\" href=\"https:\/\/laexim.com\/vi\/services\/kho-bai-logistics-va-dich-vu-khach-hang\/\" aria-label=\"More on Kho b\u00e3i, Logistics v\u00e0 D\u1ecbch v\u1ee5 kh\u00e1ch h\u00e0ng\">Read more<\/a><\/p>\n","protected":false},"author":1,"featured_media":0,"parent":3209,"menu_order":0,"comment_status":"closed","ping_status":"closed","template":"templates\/service_page.php","meta":{"footnotes":""},"class_list":["post-3214","page","type-page","status-publish"],"yoast_head":"<!-- This site is optimized with the Yoast SEO plugin v18.8 - https:\/\/yoast.com\/wordpress\/plugins\/seo\/ -->\n<title>Kho b\u00e3i, Logistics v\u00e0 D\u1ecbch v\u1ee5 kh\u00e1ch h\u00e0ng - LAEXIM<\/title>\n<meta name=\"robots\" content=\"index, follow, max-snippet:-1, max-image-preview:large, max-video-preview:-1\" \/>\n<link rel=\"canonical\" href=\"https:\/\/laexim.com\/vi\/services\/local-warehousing-logistics-customer-service\/\" \/>\n<meta property=\"og:locale\" content=\"vi_VN\" \/>\n<meta property=\"og:type\" content=\"article\" \/>\n<meta property=\"og:title\" content=\"Kho b\u00e3i, Logistics v\u00e0 D\u1ecbch v\u1ee5 kh\u00e1ch h\u00e0ng - LAEXIM\" \/>\n<meta property=\"og:description\" content=\"LAEXIM cung c\u1ea5p d\u1ecbch v\u1ee5 logistics cho c\u1ea3 nh\u00e0 cung c\u1ea5p v\u00e0 kh\u00e1ch h\u00e0ng. D\u1ecbch v\u1ee5 n\u00e0y \u0111\u01b0\u1ee3c c\u00f4ng ty t\u00edch h\u1ee3p nh\u01b0 m\u1ed9t ph\u1ea7n kh\u00f4ng th\u1ec3 t\u00e1ch r\u1eddi t\u1ea1o th\u00e0nh chu\u1ed7i cung \u1ee9ng ho\u00e0n thi\u1ec7n v\u00e0 kh\u00e9p k\u00edn. LAEXIM c\u0169ng x\u00e2y d\u1ef1ng m\u1ed1i quan h\u1ec7 ch\u1eb7t ch\u1ebd v\u1edbi c\u00e1c h\u00e3ng t\u00e0u l\u1edbn, c\u00e1c c\u00f4ng ... Read more\" \/>\n<meta property=\"og:url\" content=\"https:\/\/laexim.com\/services\/local-warehousing-logistics-customer-service\/\" \/>\n<meta property=\"og:site_name\" content=\"LAEXIM\" \/>\n<meta property=\"article:modified_time\" content=\"2023-04-17T19:42:35+00:00\" \/>\n<meta property=\"og:image\" content=\"http:\/\/laexim.com\/wp-content\/uploads\/2022\/11\/bu3.jpg\" \/>\n<meta name=\"twitter:card\" content=\"summary_large_image\" \/>\n<meta name=\"twitter:label1\" content=\"Est. reading time\" \/>\n\t<meta name=\"twitter:data1\" content=\"1 minute\" \/>\n<script type=\"application\/ld+json\" class=\"yoast-schema-graph\">{\"@context\":\"https:\/\/schema.org\",\"@graph\":[{\"@type\":\"WebSite\",\"@id\":\"https:\/\/laexim.com\/#website\",\"url\":\"https:\/\/laexim.com\/\",\"name\":\"LAEXIM\",\"description\":\"\",\"potentialAction\":[{\"@type\":\"SearchAction\",\"target\":{\"@type\":\"EntryPoint\",\"urlTemplate\":\"https:\/\/laexim.com\/?s={search_term_string}\"},\"query-input\":\"required name=search_term_string\"}],\"inLanguage\":\"vi-VN\"},{\"@type\":\"ImageObject\",\"inLanguage\":\"vi-VN\",\"@id\":\"https:\/\/laexim.com\/services\/local-warehousing-logistics-customer-service\/#primaryimage\",\"url\":\"https:\/\/laexim.com\/wp-content\/uploads\/2022\/11\/bu3.jpg\",\"contentUrl\":\"https:\/\/laexim.com\/wp-content\/uploads\/2022\/11\/bu3.jpg\",\"width\":850,\"height\":549},{\"@type\":\"WebPage\",\"@id\":\"https:\/\/laexim.com\/services\/local-warehousing-logistics-customer-service\/#webpage\",\"url\":\"https:\/\/laexim.com\/services\/local-warehousing-logistics-customer-service\/\",\"name\":\"Kho b\u00e3i, Logistics v\u00e0 D\u1ecbch v\u1ee5 kh\u00e1ch h\u00e0ng - LAEXIM\",\"isPartOf\":{\"@id\":\"https:\/\/laexim.com\/#website\"},\"primaryImageOfPage\":{\"@id\":\"https:\/\/laexim.com\/services\/local-warehousing-logistics-customer-service\/#primaryimage\"},\"datePublished\":\"2022-10-28T08:38:31+00:00\",\"dateModified\":\"2023-04-17T19:42:35+00:00\",\"breadcrumb\":{\"@id\":\"https:\/\/laexim.com\/services\/local-warehousing-logistics-customer-service\/#breadcrumb\"},\"inLanguage\":\"vi-VN\",\"potentialAction\":[{\"@type\":\"ReadAction\",\"target\":[\"https:\/\/laexim.com\/services\/local-warehousing-logistics-customer-service\/\"]}]},{\"@type\":\"BreadcrumbList\",\"@id\":\"https:\/\/laexim.com\/services\/local-warehousing-logistics-customer-service\/#breadcrumb\",\"itemListElement\":[{\"@type\":\"ListItem\",\"position\":1,\"name\":\"Home\",\"item\":\"http:\/\/laexim.com\/vi\/\"},{\"@type\":\"ListItem\",\"position\":2,\"name\":\"D\u1ecbch v\u1ee5\",\"item\":\"https:\/\/laexim.com\/vi\/services\/\"},{\"@type\":\"ListItem\",\"position\":3,\"name\":\"Kho b\u00e3i, Logistics v\u00e0 D\u1ecbch v\u1ee5 kh\u00e1ch h\u00e0ng\"}]}]}<\/script>\n<!-- \/ Yoast SEO plugin. -->","yoast_head_json":{"title":"Kho b\u00e3i, Logistics v\u00e0 D\u1ecbch v\u1ee5 kh\u00e1ch h\u00e0ng - LAEXIM","robots":{"index":"index","follow":"follow","max-snippet":"max-snippet:-1","max-image-preview":"max-image-preview:large","max-video-preview":"max-video-preview:-1"},"canonical":"https:\/\/laexim.com\/vi\/services\/local-warehousing-logistics-customer-service\/","og_locale":"vi_VN","og_type":"article","og_title":"Kho b\u00e3i, Logistics v\u00e0 D\u1ecbch v\u1ee5 kh\u00e1ch h\u00e0ng - LAEXIM","og_description":"LAEXIM cung c\u1ea5p d\u1ecbch v\u1ee5 logistics cho c\u1ea3 nh\u00e0 cung c\u1ea5p v\u00e0 kh\u00e1ch h\u00e0ng. D\u1ecbch v\u1ee5 n\u00e0y \u0111\u01b0\u1ee3c c\u00f4ng ty t\u00edch h\u1ee3p nh\u01b0 m\u1ed9t ph\u1ea7n kh\u00f4ng th\u1ec3 t\u00e1ch r\u1eddi t\u1ea1o th\u00e0nh chu\u1ed7i cung \u1ee9ng ho\u00e0n thi\u1ec7n v\u00e0 kh\u00e9p k\u00edn. LAEXIM c\u0169ng x\u00e2y d\u1ef1ng m\u1ed1i quan h\u1ec7 ch\u1eb7t ch\u1ebd v\u1edbi c\u00e1c h\u00e3ng t\u00e0u l\u1edbn, c\u00e1c c\u00f4ng ... Read more","og_url":"https:\/\/laexim.com\/services\/local-warehousing-logistics-customer-service\/","og_site_name":"LAEXIM","article_modified_time":"2023-04-17T19:42:35+00:00","og_image":[{"url":"http:\/\/laexim.com\/wp-content\/uploads\/2022\/11\/bu3.jpg"}],"twitter_card":"summary_large_image","twitter_misc":{"Est. reading time":"1 minute"},"schema":{"@context":"https:\/\/schema.org","@graph":[{"@type":"WebSite","@id":"https:\/\/laexim.com\/#website","url":"https:\/\/laexim.com\/","name":"LAEXIM","description":"","potentialAction":[{"@type":"SearchAction","target":{"@type":"EntryPoint","urlTemplate":"https:\/\/laexim.com\/?s={search_term_string}"},"query-input":"required name=search_term_string"}],"inLanguage":"vi-VN"},{"@type":"ImageObject","inLanguage":"vi-VN","@id":"https:\/\/laexim.com\/services\/local-warehousing-logistics-customer-service\/#primaryimage","url":"https:\/\/laexim.com\/wp-content\/uploads\/2022\/11\/bu3.jpg","contentUrl":"https:\/\/laexim.com\/wp-content\/uploads\/2022\/11\/bu3.jpg","width":850,"height":549},{"@type":"WebPage","@id":"https:\/\/laexim.com\/services\/local-warehousing-logistics-customer-service\/#webpage","url":"https:\/\/laexim.com\/services\/local-warehousing-logistics-customer-service\/","name":"Kho b\u00e3i, Logistics v\u00e0 D\u1ecbch v\u1ee5 kh\u00e1ch h\u00e0ng - LAEXIM","isPartOf":{"@id":"https:\/\/laexim.com\/#website"},"primaryImageOfPage":{"@id":"https:\/\/laexim.com\/services\/local-warehousing-logistics-customer-service\/#primaryimage"},"datePublished":"2022-10-28T08:38:31+00:00","dateModified":"2023-04-17T19:42:35+00:00","breadcrumb":{"@id":"https:\/\/laexim.com\/services\/local-warehousing-logistics-customer-service\/#breadcrumb"},"inLanguage":"vi-VN","potentialAction":[{"@type":"ReadAction","target":["https:\/\/laexim.com\/services\/local-warehousing-logistics-customer-service\/"]}]},{"@type":"BreadcrumbList","@id":"https:\/\/laexim.com\/services\/local-warehousing-logistics-customer-service\/#breadcrumb","itemListElement":[{"@type":"ListItem","position":1,"name":"Home","item":"http:\/\/laexim.com\/vi\/"},{"@type":"ListItem","position":2,"name":"D\u1ecbch v\u1ee5","item":"https:\/\/laexim.com\/vi\/services\/"},{"@type":"ListItem","position":3,"name":"Kho b\u00e3i, Logistics v\u00e0 D\u1ecbch v\u1ee5 kh\u00e1ch h\u00e0ng"}]}]}},"_links":{"self":[{"href":"https:\/\/laexim.com\/vi\/wp-json\/wp\/v2\/pages\/3214","targetHints":{"allow":["GET"]}}],"collection":[{"href":"https:\/\/laexim.com\/vi\/wp-json\/wp\/v2\/pages"}],"about":[{"href":"https:\/\/laexim.com\/vi\/wp-json\/wp\/v2\/types\/page"}],"author":[{"embeddable":true,"href":"https:\/\/laexim.com\/vi\/wp-json\/wp\/v2\/users\/1"}],"replies":[{"embeddable":true,"href":"https:\/\/laexim.com\/vi\/wp-json\/wp\/v2\/comments?post=3214"}],"version-history":[{"count":10,"href":"https:\/\/laexim.com\/vi\/wp-json\/wp\/v2\/pages\/3214\/revisions"}],"predecessor-version":[{"id":4100,"href":"https:\/\/laexim.com\/vi\/wp-json\/wp\/v2\/pages\/3214\/revisions\/4100"}],"up":[{"embeddable":true,"href":"https:\/\/laexim.com\/vi\/wp-json\/wp\/v2\/pages\/3209"}],"wp:attachment":[{"href":"https:\/\/laexim.com\/vi\/wp-json\/wp\/v2\/media?parent=3214"}],"curies":[{"name":"wp","href":"https:\/\/api.w.org\/{rel}","templated":true}]}}