{"id":3216,"date":"2022-10-28T08:39:04","date_gmt":"2022-10-28T08:39:04","guid":{"rendered":"https:\/\/laexim.com\/?page_id=3216"},"modified":"2023-04-18T06:04:51","modified_gmt":"2023-04-18T06:04:51","slug":"tim-nguon-hang","status":"publish","type":"page","link":"https:\/\/laexim.com\/vi\/services\/tim-nguon-hang\/","title":{"rendered":"T\u00ecm ngu\u1ed3n h\u00e0ng"},"content":{"rendered":"<p>LAEXIM l\u00e0 m\u1ed9t c\u00f4ng ty sourcing cung \u1ee9ng ngu\u1ed3n h\u00e0ng, cung c\u1ea5p gi\u1ea3i ph\u00e1p hi\u1ec7u qu\u1ea3 t\u1eeb kh\u00e2u l\u00ean \u00fd t\u01b0\u1edfng \u0111\u1ebfn kh\u00e2u th\u1ef1c hi\u1ec7n, v\u00ec s\u1ef1 h\u00e0i l\u00f2ng c\u1ee7a kh\u00e1ch h\u00e0ng l\u00e0 m\u1ee5c ti\u00eau c\u1ee7a ch\u00fang t\u00f4i.<\/p>\n<p>Ch\u00fang t\u00f4i l\u00e0 chuy\u00ean gia trong vi\u1ec7c t\u00ecm ngu\u1ed3n cung \u1ee9ng n\u1ed9i th\u1ea5t, c\u00e1c s\u1ea3n ph\u1ea9m ch\u0103m s\u00f3c s\u1ee9c kh\u1ecfe. n\u00f4ng s\u1ea3n, th\u1ee7y s\u1ea3n, \u0111\u00e1 th\u00f4, g\u1ed7 nguy\u00ean li\u1ec7u &#8230;<\/p>\n<p>Ch\u00fang t\u00f4i qu\u1ea3n l\u00fd v\u00e0 \u0111i\u1ec1u ch\u1ec9nh chu\u1ed7i cung \u1ee9ng c\u1ee7a m\u00ecnh \u0111\u1ec3 c\u00f3 nh\u1eefng s\u1ea3n ph\u1ea9m t\u1ed1t nh\u1ea5t, ph\u00f9 h\u1ee3p v\u1edbi mong mu\u1ed1n c\u1ee7a ng\u01b0\u1eddi ti\u00eau d\u00f9ng.<\/p>\n<p><img loading=\"lazy\" decoding=\"async\" class=\"aligncenter wp-image-3302 size-full\" src=\"http:\/\/laexim.com\/wp-content\/uploads\/2022\/11\/bu4.png\" alt=\"\" width=\"722\" height=\"314\" srcset=\"https:\/\/laexim.com\/wp-content\/uploads\/2022\/11\/bu4.png 722w, https:\/\/laexim.com\/wp-content\/uploads\/2022\/11\/bu4-300x130.png 300w\" sizes=\"auto, (max-width: 722px) 100vw, 722px\" \/><\/p>\n<h3 style=\"text-align: center;\"><em><b>Danh m\u1ee5c ng\u00e0nh h\u00e0ng<\/b><\/em><\/h3>\n<p>&nbsp;<\/p>\n<div class=\"des_sale_vn\">\n<ul style=\"list-style: none;\">\n<li style=\"list-style-type: none;\">\n<ul style=\"list-style: none;\">\n<li style=\"list-style-type: none;\">\n<ul style=\"list-style: none;\">\n<li>\u2022 N\u00f4ng s\u1ea3n: g\u1ea1o, \u0111i\u1ec1u, tr\u00e1i c\u00e2y, s\u1eafn l\u00e1t, c\u00e0 ph\u00ea, ti\u00eau, \u1edbt\u2026<\/li>\n<li>\u2022 Th\u1ee7y s\u1ea3n: c\u00e1 basa, t\u00f4m\u2026<\/li>\n<li>\u2022 \u0110\u00e1 th\u00f4: granite, marble<\/li>\n<li>\u2022 N\u1ed9i th\u1ea5t<\/li>\n<li>\u2022 H\u00e0ng th\u1ee7 c\u00f4ng m\u1ef9 ngh\u1ec7<\/li>\n<li><\/li>\n<\/ul>\n<\/li>\n<\/ul>\n<\/li>\n<\/ul>\n<\/div>\n<div class=\"des_sale_vn\" style=\"width: 50%; float: left; font-family: 'Montserrat'; font-size: 15px;\">\n<ul style=\"list-style: none;\">\n<li>\u2022 H\u00e0ng may m\u1eb7c v\u00e0 th\u1eddi trang<\/li>\n<li>\u2022 Than \u0111\u00e1, tr\u1ea5u vi\u00ean, vi\u00ean n\u00e9n g\u1ed7<\/li>\n<li>\u2022 G\u1ed7<\/li>\n<li>&#8230;<\/li>\n<\/ul>\n<\/div>\n<div style=\"clear: both;\"><\/div>\n","protected":false},"excerpt":{"rendered":"<p>LAEXIM l\u00e0 m\u1ed9t c\u00f4ng ty sourcing cung \u1ee9ng ngu\u1ed3n h\u00e0ng, cung c\u1ea5p gi\u1ea3i ph\u00e1p hi\u1ec7u qu\u1ea3 t\u1eeb kh\u00e2u l\u00ean \u00fd t\u01b0\u1edfng \u0111\u1ebfn kh\u00e2u th\u1ef1c hi\u1ec7n, v\u00ec s\u1ef1 h\u00e0i l\u00f2ng c\u1ee7a kh\u00e1ch h\u00e0ng l\u00e0 m\u1ee5c ti\u00eau c\u1ee7a ch\u00fang t\u00f4i. Ch\u00fang t\u00f4i l\u00e0 chuy\u00ean gia trong vi\u1ec7c t\u00ecm ngu\u1ed3n cung \u1ee9ng n\u1ed9i th\u1ea5t, c\u00e1c s\u1ea3n ph\u1ea9m ch\u0103m &#8230; <a title=\"T\u00ecm ngu\u1ed3n h\u00e0ng\" class=\"read-more\" href=\"https:\/\/laexim.com\/vi\/services\/tim-nguon-hang\/\" aria-label=\"More on T\u00ecm ngu\u1ed3n h\u00e0ng\">Read more<\/a><\/p>\n","protected":false},"author":1,"featured_media":0,"parent":3209,"menu_order":0,"comment_status":"closed","ping_status":"closed","template":"templates\/service_page.php","meta":{"footnotes":""},"class_list":["post-3216","page","type-page","status-publish"],"yoast_head":"<!-- This site is optimized with the Yoast SEO plugin v18.8 - https:\/\/yoast.com\/wordpress\/plugins\/seo\/ -->\n<title>T\u00ecm ngu\u1ed3n h\u00e0ng - LAEXIM<\/title>\n<meta name=\"robots\" content=\"index, follow, max-snippet:-1, max-image-preview:large, max-video-preview:-1\" \/>\n<link rel=\"canonical\" href=\"https:\/\/laexim.com\/vi\/services\/tim-nguon-hang\/\" \/>\n<meta property=\"og:locale\" content=\"vi_VN\" \/>\n<meta property=\"og:type\" content=\"article\" \/>\n<meta property=\"og:title\" content=\"T\u00ecm ngu\u1ed3n h\u00e0ng - LAEXIM\" \/>\n<meta property=\"og:description\" content=\"LAEXIM l\u00e0 m\u1ed9t c\u00f4ng ty sourcing cung \u1ee9ng ngu\u1ed3n h\u00e0ng, cung c\u1ea5p gi\u1ea3i ph\u00e1p hi\u1ec7u qu\u1ea3 t\u1eeb kh\u00e2u l\u00ean \u00fd t\u01b0\u1edfng \u0111\u1ebfn kh\u00e2u th\u1ef1c hi\u1ec7n, v\u00ec s\u1ef1 h\u00e0i l\u00f2ng c\u1ee7a kh\u00e1ch h\u00e0ng l\u00e0 m\u1ee5c ti\u00eau c\u1ee7a ch\u00fang t\u00f4i. Ch\u00fang t\u00f4i l\u00e0 chuy\u00ean gia trong vi\u1ec7c t\u00ecm ngu\u1ed3n cung \u1ee9ng n\u1ed9i th\u1ea5t, c\u00e1c s\u1ea3n ph\u1ea9m ch\u0103m ... Read more\" \/>\n<meta property=\"og:url\" content=\"https:\/\/laexim.com\/vi\/services\/tim-nguon-hang\/\" \/>\n<meta property=\"og:site_name\" content=\"LAEXIM\" \/>\n<meta property=\"article:modified_time\" content=\"2023-04-18T06:04:51+00:00\" \/>\n<meta property=\"og:image\" content=\"http:\/\/laexim.com\/wp-content\/uploads\/2022\/11\/bu4.png\" \/>\n<meta name=\"twitter:card\" content=\"summary_large_image\" \/>\n<meta name=\"twitter:label1\" content=\"Est. reading time\" \/>\n\t<meta name=\"twitter:data1\" content=\"1 minute\" \/>\n<script type=\"application\/ld+json\" class=\"yoast-schema-graph\">{\"@context\":\"https:\/\/schema.org\",\"@graph\":[{\"@type\":\"WebSite\",\"@id\":\"https:\/\/laexim.com\/#website\",\"url\":\"https:\/\/laexim.com\/\",\"name\":\"LAEXIM\",\"description\":\"\",\"potentialAction\":[{\"@type\":\"SearchAction\",\"target\":{\"@type\":\"EntryPoint\",\"urlTemplate\":\"https:\/\/laexim.com\/?s={search_term_string}\"},\"query-input\":\"required name=search_term_string\"}],\"inLanguage\":\"vi-VN\"},{\"@type\":\"ImageObject\",\"inLanguage\":\"vi-VN\",\"@id\":\"https:\/\/laexim.com\/vi\/services\/tim-nguon-hang\/#primaryimage\",\"url\":\"https:\/\/laexim.com\/wp-content\/uploads\/2022\/11\/bu4.png\",\"contentUrl\":\"https:\/\/laexim.com\/wp-content\/uploads\/2022\/11\/bu4.png\",\"width\":722,\"height\":314},{\"@type\":\"WebPage\",\"@id\":\"https:\/\/laexim.com\/vi\/services\/tim-nguon-hang\/#webpage\",\"url\":\"https:\/\/laexim.com\/vi\/services\/tim-nguon-hang\/\",\"name\":\"T\u00ecm ngu\u1ed3n h\u00e0ng - LAEXIM\",\"isPartOf\":{\"@id\":\"https:\/\/laexim.com\/#website\"},\"primaryImageOfPage\":{\"@id\":\"https:\/\/laexim.com\/vi\/services\/tim-nguon-hang\/#primaryimage\"},\"datePublished\":\"2022-10-28T08:39:04+00:00\",\"dateModified\":\"2023-04-18T06:04:51+00:00\",\"breadcrumb\":{\"@id\":\"https:\/\/laexim.com\/vi\/services\/tim-nguon-hang\/#breadcrumb\"},\"inLanguage\":\"vi-VN\",\"potentialAction\":[{\"@type\":\"ReadAction\",\"target\":[\"https:\/\/laexim.com\/vi\/services\/tim-nguon-hang\/\"]}]},{\"@type\":\"BreadcrumbList\",\"@id\":\"https:\/\/laexim.com\/vi\/services\/tim-nguon-hang\/#breadcrumb\",\"itemListElement\":[{\"@type\":\"ListItem\",\"position\":1,\"name\":\"Home\",\"item\":\"http:\/\/laexim.com\/vi\/\"},{\"@type\":\"ListItem\",\"position\":2,\"name\":\"D\u1ecbch v\u1ee5\",\"item\":\"https:\/\/laexim.com\/vi\/services\/\"},{\"@type\":\"ListItem\",\"position\":3,\"name\":\"T\u00ecm ngu\u1ed3n h\u00e0ng\"}]}]}<\/script>\n<!-- \/ Yoast SEO plugin. -->","yoast_head_json":{"title":"T\u00ecm ngu\u1ed3n h\u00e0ng - LAEXIM","robots":{"index":"index","follow":"follow","max-snippet":"max-snippet:-1","max-image-preview":"max-image-preview:large","max-video-preview":"max-video-preview:-1"},"canonical":"https:\/\/laexim.com\/vi\/services\/tim-nguon-hang\/","og_locale":"vi_VN","og_type":"article","og_title":"T\u00ecm ngu\u1ed3n h\u00e0ng - LAEXIM","og_description":"LAEXIM l\u00e0 m\u1ed9t c\u00f4ng ty sourcing cung \u1ee9ng ngu\u1ed3n h\u00e0ng, cung c\u1ea5p gi\u1ea3i ph\u00e1p hi\u1ec7u qu\u1ea3 t\u1eeb kh\u00e2u l\u00ean \u00fd t\u01b0\u1edfng \u0111\u1ebfn kh\u00e2u th\u1ef1c hi\u1ec7n, v\u00ec s\u1ef1 h\u00e0i l\u00f2ng c\u1ee7a kh\u00e1ch h\u00e0ng l\u00e0 m\u1ee5c ti\u00eau c\u1ee7a ch\u00fang t\u00f4i. Ch\u00fang t\u00f4i l\u00e0 chuy\u00ean gia trong vi\u1ec7c t\u00ecm ngu\u1ed3n cung \u1ee9ng n\u1ed9i th\u1ea5t, c\u00e1c s\u1ea3n ph\u1ea9m ch\u0103m ... Read more","og_url":"https:\/\/laexim.com\/vi\/services\/tim-nguon-hang\/","og_site_name":"LAEXIM","article_modified_time":"2023-04-18T06:04:51+00:00","og_image":[{"url":"http:\/\/laexim.com\/wp-content\/uploads\/2022\/11\/bu4.png"}],"twitter_card":"summary_large_image","twitter_misc":{"Est. reading time":"1 minute"},"schema":{"@context":"https:\/\/schema.org","@graph":[{"@type":"WebSite","@id":"https:\/\/laexim.com\/#website","url":"https:\/\/laexim.com\/","name":"LAEXIM","description":"","potentialAction":[{"@type":"SearchAction","target":{"@type":"EntryPoint","urlTemplate":"https:\/\/laexim.com\/?s={search_term_string}"},"query-input":"required name=search_term_string"}],"inLanguage":"vi-VN"},{"@type":"ImageObject","inLanguage":"vi-VN","@id":"https:\/\/laexim.com\/vi\/services\/tim-nguon-hang\/#primaryimage","url":"https:\/\/laexim.com\/wp-content\/uploads\/2022\/11\/bu4.png","contentUrl":"https:\/\/laexim.com\/wp-content\/uploads\/2022\/11\/bu4.png","width":722,"height":314},{"@type":"WebPage","@id":"https:\/\/laexim.com\/vi\/services\/tim-nguon-hang\/#webpage","url":"https:\/\/laexim.com\/vi\/services\/tim-nguon-hang\/","name":"T\u00ecm ngu\u1ed3n h\u00e0ng - LAEXIM","isPartOf":{"@id":"https:\/\/laexim.com\/#website"},"primaryImageOfPage":{"@id":"https:\/\/laexim.com\/vi\/services\/tim-nguon-hang\/#primaryimage"},"datePublished":"2022-10-28T08:39:04+00:00","dateModified":"2023-04-18T06:04:51+00:00","breadcrumb":{"@id":"https:\/\/laexim.com\/vi\/services\/tim-nguon-hang\/#breadcrumb"},"inLanguage":"vi-VN","potentialAction":[{"@type":"ReadAction","target":["https:\/\/laexim.com\/vi\/services\/tim-nguon-hang\/"]}]},{"@type":"BreadcrumbList","@id":"https:\/\/laexim.com\/vi\/services\/tim-nguon-hang\/#breadcrumb","itemListElement":[{"@type":"ListItem","position":1,"name":"Home","item":"http:\/\/laexim.com\/vi\/"},{"@type":"ListItem","position":2,"name":"D\u1ecbch v\u1ee5","item":"https:\/\/laexim.com\/vi\/services\/"},{"@type":"ListItem","position":3,"name":"T\u00ecm ngu\u1ed3n h\u00e0ng"}]}]}},"_links":{"self":[{"href":"https:\/\/laexim.com\/vi\/wp-json\/wp\/v2\/pages\/3216","targetHints":{"allow":["GET"]}}],"collection":[{"href":"https:\/\/laexim.com\/vi\/wp-json\/wp\/v2\/pages"}],"about":[{"href":"https:\/\/laexim.com\/vi\/wp-json\/wp\/v2\/types\/page"}],"author":[{"embeddable":true,"href":"https:\/\/laexim.com\/vi\/wp-json\/wp\/v2\/users\/1"}],"replies":[{"embeddable":true,"href":"https:\/\/laexim.com\/vi\/wp-json\/wp\/v2\/comments?post=3216"}],"version-history":[{"count":22,"href":"https:\/\/laexim.com\/vi\/wp-json\/wp\/v2\/pages\/3216\/revisions"}],"predecessor-version":[{"id":4105,"href":"https:\/\/laexim.com\/vi\/wp-json\/wp\/v2\/pages\/3216\/revisions\/4105"}],"up":[{"embeddable":true,"href":"https:\/\/laexim.com\/vi\/wp-json\/wp\/v2\/pages\/3209"}],"wp:attachment":[{"href":"https:\/\/laexim.com\/vi\/wp-json\/wp\/v2\/media?parent=3216"}],"curies":[{"name":"wp","href":"https:\/\/api.w.org\/{rel}","templated":true}]}}